{"id":2062,"date":"2025-08-07T11:45:15","date_gmt":"2025-08-07T11:45:15","guid":{"rendered":"https:\/\/nobel.websitesunum.com.tr\/yanexpo-2025-katilimci\/"},"modified":"2025-08-07T11:45:15","modified_gmt":"2025-08-07T11:45:15","slug":"yanexpo-2025-katilimci","status":"publish","type":"page","link":"https:\/\/nobel.websitesunum.com.tr\/en\/yanexpo-2025-katilimci\/","title":{"rendered":"Yanexpo 2025 Kat\u0131l\u0131mc\u0131"},"content":{"rendered":"<p style=\"color:red;\">\u26a0\ufe0f Fuar bulunamad\u0131.<\/p>","protected":false},"excerpt":{"rendered":"\u26a0\ufe0f Fuar bulunamad\u0131.","protected":false},"author":1,"featured_media":0,"parent":0,"menu_order":0,"comment_status":"closed","ping_status":"closed","template":"","meta":{"_acf_changed":false,"footnotes":""},"class_list":["post-2062","page","type-page","status-publish","hentry"],"acf":[],"_links":{"self":[{"href":"https:\/\/nobel.websitesunum.com.tr\/en\/wp-json\/wp\/v2\/pages\/2062","targetHints":{"allow":["GET"]}}],"collection":[{"href":"https:\/\/nobel.websitesunum.com.tr\/en\/wp-json\/wp\/v2\/pages"}],"about":[{"href":"https:\/\/nobel.websitesunum.com.tr\/en\/wp-json\/wp\/v2\/types\/page"}],"author":[{"embeddable":true,"href":"https:\/\/nobel.websitesunum.com.tr\/en\/wp-json\/wp\/v2\/users\/1"}],"replies":[{"embeddable":true,"href":"https:\/\/nobel.websitesunum.com.tr\/en\/wp-json\/wp\/v2\/comments?post=2062"}],"version-history":[{"count":0,"href":"https:\/\/nobel.websitesunum.com.tr\/en\/wp-json\/wp\/v2\/pages\/2062\/revisions"}],"wp:attachment":[{"href":"https:\/\/nobel.websitesunum.com.tr\/en\/wp-json\/wp\/v2\/media?parent=2062"}],"curies":[{"name":"wp","href":"https:\/\/api.w.org\/{rel}","templated":true}]}}